{"id":458,"date":"2017-02-20T21:00:06","date_gmt":"2017-02-20T20:00:06","guid":{"rendered":"http:\/\/www.app-pichler.com\/?page_id=458\/"},"modified":"2024-01-10T14:38:13","modified_gmt":"2024-01-10T13:38:13","slug":"informazioni-appartamenti-dobbiaco","status":"publish","type":"page","link":"https:\/\/www.app-pichler.com\/it\/informazioni-appartamenti-dobbiaco\/","title":{"rendered":"Info"},"content":{"rendered":"[vc_row fullwidth=&#8221;true&#8221;][vc_column]\n<div id=\"rev_slider_5_1_wrapper\" class=\"rev_slider_wrapper fullwidthbanner-container\" data-source=\"gallery\" style=\"margin:0px auto;background:transparent;padding:0px;margin-top:0px;margin-bottom:0px;\">\n<!-- START REVOLUTION SLIDER 5.4.8 fullwidth mode -->\n\t<div id=\"rev_slider_5_1\" class=\"rev_slider fullwidthabanner\" style=\"display:none;\" data-version=\"5.4.8\">\n<ul>\t<!-- SLIDE  -->\n\t<li data-index=\"rs-14\" data-transition=\"fade\" data-slotamount=\"default\" data-hideafterloop=\"0\" data-hideslideonmobile=\"off\"  data-easein=\"default\" data-easeout=\"default\" data-masterspeed=\"300\"  data-thumb=\"https:\/\/www.app-pichler.com\/wp-content\/uploads\/appartements-pichler-toblach-appartamenti-dobbiaco-slider2-1-100x50.jpg\"  data-rotate=\"0\"  data-saveperformance=\"off\"  data-title=\"Slide\" data-param1=\"\" data-param2=\"\" data-param3=\"\" data-param4=\"\" data-param5=\"\" data-param6=\"\" data-param7=\"\" data-param8=\"\" data-param9=\"\" data-param10=\"\" data-description=\"\">\n\t\t<!-- MAIN IMAGE -->\n\t\t<img loading=\"lazy\" decoding=\"async\" src=\"https:\/\/www.app-pichler.com\/wp-content\/uploads\/appartements-pichler-toblach-appartamenti-dobbiaco-slider2-1.jpg\"  alt=\"\" title=\"appartements-pichler-toblach-appartamenti-dobbiaco-slider2\"  width=\"1400\" height=\"850\" data-bgposition=\"center center\" data-bgfit=\"cover\" data-bgrepeat=\"no-repeat\" class=\"rev-slidebg\" data-no-retina>\n\t\t<!-- LAYERS -->\n\t<\/li>\n\t<!-- SLIDE  -->\n\t<li data-index=\"rs-15\" data-transition=\"fade\" data-slotamount=\"default\" data-hideafterloop=\"0\" data-hideslideonmobile=\"off\"  data-easein=\"default\" data-easeout=\"default\" data-masterspeed=\"300\"  data-thumb=\"https:\/\/www.app-pichler.com\/wp-content\/uploads\/appartements-pichler-toblach-appartamenti-dobbiaco-slider3-1-100x50.jpg\"  data-rotate=\"0\"  data-saveperformance=\"off\"  data-title=\"Slide\" data-param1=\"\" data-param2=\"\" data-param3=\"\" data-param4=\"\" data-param5=\"\" data-param6=\"\" data-param7=\"\" data-param8=\"\" data-param9=\"\" data-param10=\"\" data-description=\"\">\n\t\t<!-- MAIN IMAGE -->\n\t\t<img loading=\"lazy\" decoding=\"async\" src=\"https:\/\/www.app-pichler.com\/wp-content\/uploads\/appartements-pichler-toblach-appartamenti-dobbiaco-slider3-1.jpg\"  alt=\"\" title=\"appartements-pichler-toblach-appartamenti-dobbiaco-slider3\"  width=\"1400\" height=\"850\" data-bgposition=\"center center\" data-bgfit=\"cover\" data-bgrepeat=\"no-repeat\" class=\"rev-slidebg\" data-no-retina>\n\t\t<!-- LAYERS -->\n\t<\/li>\n\t<!-- SLIDE  -->\n\t<li data-index=\"rs-16\" data-transition=\"fade\" data-slotamount=\"default\" data-hideafterloop=\"0\" data-hideslideonmobile=\"off\"  data-easein=\"default\" data-easeout=\"default\" data-masterspeed=\"300\"  data-thumb=\"https:\/\/www.app-pichler.com\/wp-content\/uploads\/appartements-pichler-toblach-appartamenti-dobbiaco-slider8-100x50.jpg\"  data-rotate=\"0\"  data-saveperformance=\"off\"  data-title=\"Slide\" data-param1=\"\" data-param2=\"\" data-param3=\"\" data-param4=\"\" data-param5=\"\" data-param6=\"\" data-param7=\"\" data-param8=\"\" data-param9=\"\" data-param10=\"\" data-description=\"\">\n\t\t<!-- MAIN IMAGE -->\n\t\t<img loading=\"lazy\" decoding=\"async\" src=\"https:\/\/www.app-pichler.com\/wp-content\/uploads\/appartements-pichler-toblach-appartamenti-dobbiaco-slider8.jpg\"  alt=\"\" title=\"appartements-pichler-toblach-appartamenti-dobbiaco-slider8\"  width=\"1400\" height=\"850\" data-bgposition=\"center center\" data-bgfit=\"cover\" data-bgrepeat=\"no-repeat\" class=\"rev-slidebg\" data-no-retina>\n\t\t<!-- LAYERS -->\n\t<\/li>\n<\/ul>\n<script>var htmlDiv = document.getElementById(\"rs-plugin-settings-inline-css\"); var htmlDivCss=\"\";\r\n\t\t\t\t\t\tif(htmlDiv) {\r\n\t\t\t\t\t\t\thtmlDiv.innerHTML = htmlDiv.innerHTML + htmlDivCss;\r\n\t\t\t\t\t\t}else{\r\n\t\t\t\t\t\t\tvar htmlDiv = document.createElement(\"div\");\r\n\t\t\t\t\t\t\thtmlDiv.innerHTML = \"<style>\" + htmlDivCss + \"<\/style>\";\r\n\t\t\t\t\t\t\tdocument.getElementsByTagName(\"head\")[0].appendChild(htmlDiv.childNodes[0]);\r\n\t\t\t\t\t\t}\r\n\t\t\t\t\t<\/script>\n<div class=\"tp-bannertimer tp-bottom\" style=\"visibility: hidden !important;\"><\/div>\t<\/div>\n<script>var htmlDiv = document.getElementById(\"rs-plugin-settings-inline-css\"); var htmlDivCss=\"\";\r\n\t\t\t\tif(htmlDiv) {\r\n\t\t\t\t\thtmlDiv.innerHTML = htmlDiv.innerHTML + htmlDivCss;\r\n\t\t\t\t}else{\r\n\t\t\t\t\tvar htmlDiv = document.createElement(\"div\");\r\n\t\t\t\t\thtmlDiv.innerHTML = \"<style>\" + htmlDivCss + \"<\/style>\";\r\n\t\t\t\t\tdocument.getElementsByTagName(\"head\")[0].appendChild(htmlDiv.childNodes[0]);\r\n\t\t\t\t}\r\n\t\t\t<\/script>\n\t\t<script type=\"text\/javascript\">\r\nif (setREVStartSize!==undefined) setREVStartSize(\r\n\t{c: '#rev_slider_5_1', gridwidth: [1240], gridheight: [800], sliderLayout: 'fullwidth'});\r\n\t\t\t\r\nvar revapi5,\r\n\ttpj;\t\r\n(function() {\t\t\t\r\n\tif (!\/loaded|interactive|complete\/.test(document.readyState)) document.addEventListener(\"DOMContentLoaded\",onLoad); else onLoad();\t\r\n\tfunction onLoad() {\t\t\t\t\r\n\t\tif (tpj===undefined) { tpj = jQuery; if(\"off\" == \"on\") tpj.noConflict();}\r\n\tif(tpj(\"#rev_slider_5_1\").revolution == undefined){\n\t\trevslider_showDoubleJqueryError(\"#rev_slider_5_1\");\n\t}else{\n\t\trevapi5 = tpj(\"#rev_slider_5_1\").show().revolution({\n\t\t\tsliderType:\"standard\",\n\t\t\tjsFileLocation:\"\/\/www.app-pichler.com\/wp-content\/plugins\/revslider\/public\/assets\/js\/\",\n\t\t\tsliderLayout:\"fullwidth\",\n\t\t\tdottedOverlay:\"none\",\n\t\t\tdelay:5000,\n\t\t\tnavigation: {\n\t\t\t\tkeyboardNavigation:\"off\",\n\t\t\t\tkeyboard_direction: \"horizontal\",\n\t\t\t\tmouseScrollNavigation:\"off\",\n \t\t\t\t\t\t\tmouseScrollReverse:\"default\",\n\t\t\t\tonHoverStop:\"off\",\n\t\t\t\tarrows: {\n\t\t\t\t\tstyle:\"uranus\",\n\t\t\t\t\tenable:true,\n\t\t\t\t\thide_onmobile:true,\n\t\t\t\t\thide_under:700,\n\t\t\t\t\thide_onleave:false,\n\t\t\t\t\ttmp:'',\n\t\t\t\t\tleft: {\n\t\t\t\t\t\th_align:\"left\",\n\t\t\t\t\t\tv_align:\"center\",\n\t\t\t\t\t\th_offset:20,\n\t\t\t\t\t\tv_offset:0\n\t\t\t\t\t},\n\t\t\t\t\tright: {\n\t\t\t\t\t\th_align:\"right\",\n\t\t\t\t\t\tv_align:\"center\",\n\t\t\t\t\t\th_offset:20,\n\t\t\t\t\t\tv_offset:0\n\t\t\t\t\t}\n\t\t\t\t}\n\t\t\t},\n\t\t\tvisibilityLevels:[1240,1024,778,480],\n\t\t\tgridwidth:1240,\n\t\t\tgridheight:800,\n\t\t\tlazyType:\"none\",\n\t\t\tshadow:0,\n\t\t\tspinner:\"spinner3\",\n\t\t\tstopLoop:\"off\",\n\t\t\tstopAfterLoops:-1,\n\t\t\tstopAtSlide:-1,\n\t\t\tshuffle:\"off\",\n\t\t\tautoHeight:\"off\",\n\t\t\tdisableProgressBar:\"on\",\n\t\t\thideThumbsOnMobile:\"off\",\n\t\t\thideSliderAtLimit:0,\n\t\t\thideCaptionAtLimit:0,\n\t\t\thideAllCaptionAtLilmit:0,\n\t\t\tdebugMode:false,\n\t\t\tfallbacks: {\n\t\t\t\tsimplifyAll:\"off\",\n\t\t\t\tnextSlideOnWindowFocus:\"off\",\n\t\t\t\tdisableFocusListener:false,\n\t\t\t}\n\t\t});\n\t}; \/* END OF revapi call *\/\n\t\n }; \/* END OF ON LOAD FUNCTION *\/\r\n}()); \/* END OF WRAPPING FUNCTION *\/\r\n<\/script>\r\n\t\t<script>\r\n\t\t\t\t\tvar htmlDivCss = '\t#rev_slider_5_1_wrapper .tp-loader.spinner3 div { background-color: #FFFFFF !important; } ';\r\n\t\t\t\t\tvar htmlDiv = document.getElementById('rs-plugin-settings-inline-css');\r\n\t\t\t\t\tif(htmlDiv) {\r\n\t\t\t\t\t\thtmlDiv.innerHTML = htmlDiv.innerHTML + htmlDivCss;\r\n\t\t\t\t\t}\r\n\t\t\t\t\telse{\r\n\t\t\t\t\t\tvar htmlDiv = document.createElement('div');\r\n\t\t\t\t\t\thtmlDiv.innerHTML = '<style>' + htmlDivCss + '<\/style>';\r\n\t\t\t\t\t\tdocument.getElementsByTagName('head')[0].appendChild(htmlDiv.childNodes[0]);\r\n\t\t\t\t\t}\r\n\t\t\t\t\t<\/script>\r\n\t\t\t\t\t<script>\r\n\t\t\t\t\tvar htmlDivCss = unescape(\"%23rev_slider_5_1%20.uranus.tparrows%20%7B%0A%20%20width%3A50px%3B%0A%20%20height%3A50px%3B%0A%20%20background%3Argba%28255%2C255%2C255%2C0%29%3B%0A%20%7D%0A%20%23rev_slider_5_1%20.uranus.tparrows%3Abefore%20%7B%0A%20width%3A50px%3B%0A%20height%3A50px%3B%0A%20line-height%3A50px%3B%0A%20font-size%3A40px%3B%0A%20transition%3Aall%200.3s%3B%0A-webkit-transition%3Aall%200.3s%3B%0A%20%7D%0A%20%0A%20%20%23rev_slider_5_1%20.uranus.tparrows%3Ahover%3Abefore%20%7B%0A%20%20%20%20opacity%3A0.75%3B%0A%20%20%7D%0A\");\r\n\t\t\t\t\tvar htmlDiv = document.getElementById('rs-plugin-settings-inline-css');\r\n\t\t\t\t\tif(htmlDiv) {\r\n\t\t\t\t\t\thtmlDiv.innerHTML = htmlDiv.innerHTML + htmlDivCss;\r\n\t\t\t\t\t}\r\n\t\t\t\t\telse{\r\n\t\t\t\t\t\tvar htmlDiv = document.createElement('div');\r\n\t\t\t\t\t\thtmlDiv.innerHTML = '<style>' + htmlDivCss + '<\/style>';\r\n\t\t\t\t\t\tdocument.getElementsByTagName('head')[0].appendChild(htmlDiv.childNodes[0]);\r\n\t\t\t\t\t}\r\n\t\t\t\t  <\/script>\r\n\t\t\t\t<\/div><!-- END REVOLUTION SLIDER -->[mk_padding_divider size=&#8221;30&#8243;][\/vc_column][\/vc_row][vc_row][vc_column][mk_fancy_title color=&#8221;#7d0308&#8243; size=&#8221;36&#8243; force_font_size=&#8221;true&#8221; size_tablet=&#8221;32&#8243; size_phone=&#8221;30&#8243; font_weight=&#8221;400&#8243; letter_spacing=&#8221;2&#8243; margin_top=&#8221;20&#8243; font_family=&#8221;none&#8221; align=&#8221;center&#8221;]Bene a sapersi[\/mk_fancy_title][\/vc_column][\/vc_row][vc_row][vc_column width=&#8221;1\/2&#8243;][vc_column_text disable_pattern=&#8221;false&#8221; margin_bottom=&#8221;30&#8243; css=&#8221;.vc_custom_1704893888661{margin-bottom: 30px !important;}&#8221;]Gli appartamenti sono a vostra disposizione<strong> il giorno di arrivo dalle 14:00.<\/strong><br \/>\n<strong>Il giorno di partenza<\/strong> vi preghiamo di lasciare liberi gli appartamenti dalle 10:00.<\/p>\n<p><strong>Acconto:<\/strong><br \/>\nCon la conferma di prenotazione chiediamo un acconto pari al 30% del prezzo complessivo del soggiorno. In caso di mancato versamento dell\u2019acconto sul nostro conto, la prenotazione potr\u00e0 essere annullata senza ulteriori comunicazioni.<\/p>\n<p><strong>Cancellazione:<br \/>\n<\/strong>Se per qualsiasi motivo non poteste usufruire del vostro soggiorno nell&#8217; App. Pichler\u00a0faremo del nostro meglio per affittare ad altri il vostro appartamento.<br \/>\nSe non fosse possibile, applicheremo\u00a0i seguenti termini di cancellazione:<br \/>\n&#8211; per le cancellazioni effettuate nei giorni 40 prima dell\u2019arrivo vi verr\u00e0 addebitato il 30 % del totale del prezzo complessivo,<br \/>\n&#8211; mentre nel caso di cancellazione nei giorni 10 prima dell\u2019arrivo, calcoleremo il 70% del prezzo complessivo.<br \/>\n&#8211; Se la cancellazione avviene nei giorno 4 prima dell\u2019arrivo, dovremo addebitarvi l\u2019intero importo del soggiorno.<\/p>\n<p><strong>Coordinate bancharie:<\/strong><br \/>\nCassa Raiffeisen Dobbiaco<br \/>\nPichler Ulrich &#8211; Via Torre Rossa\u00a025 &#8211; 39034\u00a0Dobbiaco<br \/>\nIBAN: IT 98 O 08080 58360 000300001481<br \/>\nRZSBIT21138<\/p>\n<p><strong>Metodi di pagamento:<br \/>\n<\/strong>Potete saldare il conto in contanti, con bancomat o carta di credito; vi preghiamo di farlo 1-2 giorni prima della partenza. In Italia dall&#8217;1 gennaio 2016 secondo il DL 201\/2011 non \u00e8 pi\u00f9 consentito pagare in contanti importi superiori a 2.999,00 euro. Sono invece consentiti i seguenti metodi di pagamento: bancomat, carta di credito e bonifico bancario qualche giorno prima della partenza.<\/p>\n<p><strong>Tassa di soggiorno:<\/strong><br \/>\nDal 01.01.2014, al prezzo di soggiorno si aggiunge la tassa di soggiorno di \u20ac 2,70 a persona e notte (a partire dai 14 anni) che viene calcolata in loco. Questi introiti sono destinati al comune e saranno investiti per l\u2019ampliamento e il mantenimento d\u2019infrastrutture e servizi, ma anche per l\u2019organizzazione di manifestazioni culturali e sportive. La tassa di soggiorno non \u00e8 inclusa nel prezzo e sar\u00e0 indicata separatamente sul conto al momento della partenza.<\/p>\n<p><strong>Su richiesta si accettano cani<\/strong>, con supplemento di Euro 20,00 a notte, cibo escluso.[\/vc_column_text][\/vc_column][vc_column width=&#8221;1\/2&#8243;][vc_column_text disable_pattern=&#8221;false&#8221; margin_bottom=&#8221;30&#8243; css=&#8221;.vc_custom_1663146858032{margin-bottom: 30px !important;}&#8221;]<strong>Cambio degli asciugamani<\/strong> a richiesta.<br \/>\n<strong>Il ferro e l&#8217;asse da stiro<\/strong> sono sempre a vostra disposizione.<br \/>\nPrevi accordi si possono utilizzare (a pagamento) la <strong>lavatrice e l&#8217;asciugatrice.<\/strong><\/p>\n<p>Mettiamo a vostra disposizione gratuita <strong>lettini e seggioloni per bambini<\/strong><\/p>\n<p><strong>Sala sci con asciugascarpe<\/strong> per le vostre scarpe da fondo o pedule<br \/>\n<strong>Rimessa biciclette<\/strong> con chiusura a chiave.<\/p>\n<p>Negli appartamenti \u00e8 <strong>vietato fumare.<\/strong><\/p>\n<p>Novit\u00e0: utilizzo gratuito della <strong>cabina a infrarossi Luis Trenker<\/strong><\/p>\n<p><strong>Acqua potabile:<\/strong> acqua fresca e pulita dal rubinetto<\/p>\n<p><strong>Parcheggio:<\/strong> nel garage riservato o presso la casa.<\/p>\n<p>Amiamo viziare i nostri ospiti a pranzo o a cena nel nostro <a href=\"http:\/\/www.winkelkeller.it\" target=\"_blank\" rel=\"noopener noreferrer\"><strong>ristorante Winkelkeller<\/strong><\/a>, situato poco distante; men\u00f9 alla carta con <strong>riduzione del 10%.<\/strong> Per i bambini abbiamo un men\u00f9 apposito sempre diverso.<\/p>\n<p><strong>In viaggio gratuitamente:<\/strong><br \/>\nLasciate la vostra macchina a casa e viaggiate con autobus e treno! Nella stagione invernale la Ski Mobile Dolomites Card vi d\u00e0 diritto a viaggiare gratuitamente e illimitatamente sugli skibus di Val Pusteria e Val Badia, nonch\u00e9 su tutte le linee di autobus pubblici e treni regionali di tutto l&#8217;Alto Adige. Il documento di viaggio \u00e8 incluso nel prezzo del pernottamento.[\/vc_column_text][\/vc_column][\/vc_row][vc_row][vc_column][mk_padding_divider size=&#8221;70&#8243;][\/vc_column][\/vc_row]\n","protected":false},"excerpt":{"rendered":"<p>[vc_row fullwidth=&#8221;true&#8221;][vc_column][mk_padding_divider size=&#8221;30&#8243;][\/vc_column][\/vc_row][vc_row][vc_column][mk_fancy_title color=&#8221;#7d0308&#8243; size=&#8221;36&#8243; force_font_size=&#8221;true&#8221; size_tablet=&#8221;32&#8243; size_phone=&#8221;30&#8243; font_weight=&#8221;400&#8243; letter_spacing=&#8221;2&#8243; margin_top=&#8221;20&#8243; font_family=&#8221;none&#8221; align=&#8221;center&#8221;]Bene a sapersi[\/mk_fancy_title][\/vc_column][\/vc_row][vc_row][vc_column width=&#8221;1\/2&#8243;][vc_column_text disable_pattern=&#8221;false&#8221; margin_bottom=&#8221;30&#8243; css=&#8221;.vc_custom_1704893888661{margin-bottom: 30px !important;}&#8221;]Gli appartamenti sono a vostra disposizione il giorno di arrivo dalle 14:00. Il giorno di partenza vi preghiamo di lasciare liberi gli appartamenti dalle 10:00. Acconto: Con la conferma di prenotazione chiediamo un acconto pari [&hellip;]<\/p>\n","protected":false},"author":1,"featured_media":0,"parent":0,"menu_order":0,"comment_status":"closed","ping_status":"open","template":"","meta":{"footnotes":""},"yoast_head":"<!-- This site is optimized with the Yoast SEO plugin v22.0 - https:\/\/yoast.com\/wordpress\/plugins\/seo\/ -->\n<title>Informazioni Appartamenti Pichler Chalets Suites Dobbiaco<\/title>\n<meta name=\"description\" content=\"Informazioni utili per Casa Pichler, Appartamenti a Dobbiaco\" \/>\n<meta name=\"robots\" content=\"index, follow, max-snippet:-1, max-image-preview:large, max-video-preview:-1\" \/>\n<link rel=\"canonical\" href=\"https:\/\/www.app-pichler.com\/it\/informazioni-appartamenti-dobbiaco\/\" \/>\n<meta property=\"og:locale\" content=\"it_IT\" \/>\n<meta property=\"og:type\" content=\"article\" \/>\n<meta property=\"og:title\" content=\"Informazioni Appartamenti Pichler Chalets Suites Dobbiaco\" \/>\n<meta property=\"og:description\" content=\"Informazioni utili per Casa Pichler, Appartamenti a Dobbiaco\" \/>\n<meta property=\"og:url\" content=\"https:\/\/www.app-pichler.com\/it\/informazioni-appartamenti-dobbiaco\/\" \/>\n<meta property=\"og:site_name\" content=\"Appartamenti Pichler Dobbiaco\" \/>\n<meta property=\"article:modified_time\" content=\"2024-01-10T13:38:13+00:00\" \/>\n<meta name=\"twitter:card\" content=\"summary_large_image\" \/>\n<meta name=\"twitter:label1\" content=\"Tempo di lettura stimato\" \/>\n\t<meta name=\"twitter:data1\" content=\"3 minuti\" \/>\n<script type=\"application\/ld+json\" class=\"yoast-schema-graph\">{\"@context\":\"https:\/\/schema.org\",\"@graph\":[{\"@type\":\"WebPage\",\"@id\":\"https:\/\/www.app-pichler.com\/it\/informazioni-appartamenti-dobbiaco\/\",\"url\":\"https:\/\/www.app-pichler.com\/it\/informazioni-appartamenti-dobbiaco\/\",\"name\":\"Informazioni Appartamenti Pichler Chalets Suites Dobbiaco\",\"isPartOf\":{\"@id\":\"https:\/\/www.app-pichler.com\/#website\"},\"datePublished\":\"2017-02-20T20:00:06+00:00\",\"dateModified\":\"2024-01-10T13:38:13+00:00\",\"description\":\"Informazioni utili per Casa Pichler, Appartamenti a Dobbiaco\",\"breadcrumb\":{\"@id\":\"https:\/\/www.app-pichler.com\/it\/informazioni-appartamenti-dobbiaco\/#breadcrumb\"},\"inLanguage\":\"it-IT\",\"potentialAction\":[{\"@type\":\"ReadAction\",\"target\":[\"https:\/\/www.app-pichler.com\/it\/informazioni-appartamenti-dobbiaco\/\"]}]},{\"@type\":\"BreadcrumbList\",\"@id\":\"https:\/\/www.app-pichler.com\/it\/informazioni-appartamenti-dobbiaco\/#breadcrumb\",\"itemListElement\":[{\"@type\":\"ListItem\",\"position\":1,\"name\":\"Startseite\",\"item\":\"https:\/\/www.app-pichler.com\/it\/\"},{\"@type\":\"ListItem\",\"position\":2,\"name\":\"Info\"}]},{\"@type\":\"WebSite\",\"@id\":\"https:\/\/www.app-pichler.com\/#website\",\"url\":\"https:\/\/www.app-pichler.com\/\",\"name\":\"Appartamenti Pichler Dobbiaco\",\"description\":\"\",\"publisher\":{\"@id\":\"https:\/\/www.app-pichler.com\/#organization\"},\"potentialAction\":[{\"@type\":\"SearchAction\",\"target\":{\"@type\":\"EntryPoint\",\"urlTemplate\":\"https:\/\/www.app-pichler.com\/?s={search_term_string}\"},\"query-input\":\"required name=search_term_string\"}],\"inLanguage\":\"it-IT\"},{\"@type\":\"Organization\",\"@id\":\"https:\/\/www.app-pichler.com\/#organization\",\"name\":\"Appartements Pichler\",\"url\":\"https:\/\/www.app-pichler.com\/\",\"logo\":{\"@type\":\"ImageObject\",\"inLanguage\":\"it-IT\",\"@id\":\"https:\/\/www.app-pichler.com\/#\/schema\/logo\/image\/\",\"url\":\"https:\/\/www.app-pichler.com\/wp-content\/uploads\/appartements-pichler-toblach-dobbiaco-appartamenti-logo.png\",\"contentUrl\":\"https:\/\/www.app-pichler.com\/wp-content\/uploads\/appartements-pichler-toblach-dobbiaco-appartamenti-logo.png\",\"width\":357,\"height\":160,\"caption\":\"Appartements Pichler\"},\"image\":{\"@id\":\"https:\/\/www.app-pichler.com\/#\/schema\/logo\/image\/\"}}]}<\/script>\n<!-- \/ Yoast SEO plugin. -->","yoast_head_json":{"title":"Informazioni Appartamenti Pichler Chalets Suites Dobbiaco","description":"Informazioni utili per Casa Pichler, Appartamenti a Dobbiaco","robots":{"index":"index","follow":"follow","max-snippet":"max-snippet:-1","max-image-preview":"max-image-preview:large","max-video-preview":"max-video-preview:-1"},"canonical":"https:\/\/www.app-pichler.com\/it\/informazioni-appartamenti-dobbiaco\/","og_locale":"it_IT","og_type":"article","og_title":"Informazioni Appartamenti Pichler Chalets Suites Dobbiaco","og_description":"Informazioni utili per Casa Pichler, Appartamenti a Dobbiaco","og_url":"https:\/\/www.app-pichler.com\/it\/informazioni-appartamenti-dobbiaco\/","og_site_name":"Appartamenti Pichler Dobbiaco","article_modified_time":"2024-01-10T13:38:13+00:00","twitter_card":"summary_large_image","twitter_misc":{"Tempo di lettura stimato":"3 minuti"},"schema":{"@context":"https:\/\/schema.org","@graph":[{"@type":"WebPage","@id":"https:\/\/www.app-pichler.com\/it\/informazioni-appartamenti-dobbiaco\/","url":"https:\/\/www.app-pichler.com\/it\/informazioni-appartamenti-dobbiaco\/","name":"Informazioni Appartamenti Pichler Chalets Suites Dobbiaco","isPartOf":{"@id":"https:\/\/www.app-pichler.com\/#website"},"datePublished":"2017-02-20T20:00:06+00:00","dateModified":"2024-01-10T13:38:13+00:00","description":"Informazioni utili per Casa Pichler, Appartamenti a Dobbiaco","breadcrumb":{"@id":"https:\/\/www.app-pichler.com\/it\/informazioni-appartamenti-dobbiaco\/#breadcrumb"},"inLanguage":"it-IT","potentialAction":[{"@type":"ReadAction","target":["https:\/\/www.app-pichler.com\/it\/informazioni-appartamenti-dobbiaco\/"]}]},{"@type":"BreadcrumbList","@id":"https:\/\/www.app-pichler.com\/it\/informazioni-appartamenti-dobbiaco\/#breadcrumb","itemListElement":[{"@type":"ListItem","position":1,"name":"Startseite","item":"https:\/\/www.app-pichler.com\/it\/"},{"@type":"ListItem","position":2,"name":"Info"}]},{"@type":"WebSite","@id":"https:\/\/www.app-pichler.com\/#website","url":"https:\/\/www.app-pichler.com\/","name":"Appartamenti Pichler Dobbiaco","description":"","publisher":{"@id":"https:\/\/www.app-pichler.com\/#organization"},"potentialAction":[{"@type":"SearchAction","target":{"@type":"EntryPoint","urlTemplate":"https:\/\/www.app-pichler.com\/?s={search_term_string}"},"query-input":"required name=search_term_string"}],"inLanguage":"it-IT"},{"@type":"Organization","@id":"https:\/\/www.app-pichler.com\/#organization","name":"Appartements Pichler","url":"https:\/\/www.app-pichler.com\/","logo":{"@type":"ImageObject","inLanguage":"it-IT","@id":"https:\/\/www.app-pichler.com\/#\/schema\/logo\/image\/","url":"https:\/\/www.app-pichler.com\/wp-content\/uploads\/appartements-pichler-toblach-dobbiaco-appartamenti-logo.png","contentUrl":"https:\/\/www.app-pichler.com\/wp-content\/uploads\/appartements-pichler-toblach-dobbiaco-appartamenti-logo.png","width":357,"height":160,"caption":"Appartements Pichler"},"image":{"@id":"https:\/\/www.app-pichler.com\/#\/schema\/logo\/image\/"}}]}},"_links":{"self":[{"href":"https:\/\/www.app-pichler.com\/it\/wp-json\/wp\/v2\/pages\/458"}],"collection":[{"href":"https:\/\/www.app-pichler.com\/it\/wp-json\/wp\/v2\/pages"}],"about":[{"href":"https:\/\/www.app-pichler.com\/it\/wp-json\/wp\/v2\/types\/page"}],"author":[{"embeddable":true,"href":"https:\/\/www.app-pichler.com\/it\/wp-json\/wp\/v2\/users\/1"}],"replies":[{"embeddable":true,"href":"https:\/\/www.app-pichler.com\/it\/wp-json\/wp\/v2\/comments?post=458"}],"version-history":[{"count":5,"href":"https:\/\/www.app-pichler.com\/it\/wp-json\/wp\/v2\/pages\/458\/revisions"}],"predecessor-version":[{"id":1112,"href":"https:\/\/www.app-pichler.com\/it\/wp-json\/wp\/v2\/pages\/458\/revisions\/1112"}],"wp:attachment":[{"href":"https:\/\/www.app-pichler.com\/it\/wp-json\/wp\/v2\/media?parent=458"}],"curies":[{"name":"wp","href":"https:\/\/api.w.org\/{rel}","templated":true}]}}